{"id":2002,"date":"2015-07-29T05:57:05","date_gmt":"2015-07-29T05:57:05","guid":{"rendered":"http:\/\/costarent.es\/?page_id=2002"},"modified":"2016-07-27T09:19:58","modified_gmt":"2016-07-27T07:19:58","slug":"avis-legal","status":"publish","type":"page","link":"https:\/\/costarent.es\/ca\/avis-legal\/","title":{"rendered":"Avis legal"},"content":{"rendered":"<h2>Av\u00eds legal COSTARENT<\/h2>\n<p>L&#8217;USUARI que accedeix i fa servir aquesta p\u00e0gina web coneix i accepta les condicions generals aqu\u00ed redactades, i les modificacions que es produeixin, devent accedir peri\u00f2dicament a aquestes per al seu coneixement.<\/p>\n<p>La p\u00e0gina web inclou textos, gr\u00e0fics, imatges, v\u00eddeos, sons, dibuixos, fotografies i software inclosos en la mateixa, ja siguin susceptibles o no de propietat intel.lectual.<\/p>\n<p><strong>PRIMERA. &#8211; TITULAR DE LA WEB<\/strong><\/p>\n<p>El titular de la web \u00e9s COSTA DEL MARESME RENT SL amb CIF: B64256522, amb domicili social en C\/ EDISON 5 08397 de PINEDA DE MAR, inscrita al Registre Mercantil de Barcelona, \u200b\u200bVolum 38737 Foli 185 Full 333558. Poden contactar amb Josep Costa Masoliver per tel\u00e8fon: +34 902 106 035 o correu electr\u00f2nic:\u00a0<a href=\"mailto:josep@costarent.es\">josep@costarent.es<\/a><\/p>\n<p><strong>SEGONA. &#8211; OBJECTE DE LA WEB<\/strong><\/p>\n<p>COSTA RENT posa a disposici\u00f3 del p\u00fablic (des d&#8217;ara USUARI), que accedeixi al domini, www.costarent.es (en endavant WEB), informaci\u00f3 i dades (en endavant CONTINGUTS), mitjan\u00e7ant una web de car\u00e0cter informatiu. Els CONTINGUTS de la WEB s\u00f3n proporcionats i creats per COSTA RENT.<\/p>\n<p><strong>TERCERA. &#8211; ACC\u00c9S A LA WEB<\/strong><\/p>\n<p>L&#8217;acc\u00e9s i \u00fas de la WEB pels usuaris \u00e9s gratu\u00eft, sense pr\u00e8via autoritzaci\u00f3, subscripci\u00f3 o registre.<\/p>\n<p>L&#8217;acc\u00e9s i \u00fas d&#8217;USUARI a aquesta WEB no implica cap obligaci\u00f3 sobre la qualitat i velocitat del acc\u00e9s per part COSTA RENT, que podr\u00e0 modificar les condicions d&#8217;acc\u00e9s o suspendre l&#8217;acc\u00e9s a la WEB, o part de la web, sense previ av\u00eds, no responsabilitzant COSTA RENT, de les conseq\u00fc\u00e8ncies, danys i perjudicis ocasionats per la modificaci\u00f3 de l&#8217;acc\u00e9s i la suspensi\u00f3 de la WEB.<\/p>\n<p>El maquinari i programari necessaris per accedir a la web seran per compte dels USUARIS. COSTA RENT no ser\u00e0 responsable del funcionament ni de les conseq\u00fc\u00e8ncies d&#8217;aquests, ni dels drets d&#8217;\u00fas o llic\u00e8ncies requerides per la utilitzaci\u00f3.<\/p>\n<p>Tampoc ser\u00e0 responsable COSTA RENT de cap anomalia, mal funcionament, deterioraci\u00f3, esborrat de dades o software que es produeixi en els equips o sistemes dels USUARIS, como conseq\u00fc\u00e8ncia directa o indirecta de l&#8217;acc\u00e9s o intent d&#8217;acc\u00e9s a la WEB.<\/p>\n<p>El servei prestat per COSTA RENT mitjan\u00e7ant la seva WEB \u00e9s per temps indefinit, sense perjudici de poder suspendre o cancel\u00b7lar aquesta sense previ av\u00eds.<\/p>\n<p><strong>QUARTA. &#8211; CONTINGUTS DE LA WEB<\/strong><\/p>\n<p>L&#8217;idioma utilitzat per COSTA RENT a la WEB ser\u00e0 el Catal\u00e0 i Castell\u00e0, sense perjudici de la utilitzaci\u00f3 d&#8217;altres lleng\u00fces, nacionals o auton\u00f2miques. COSTA RENT no es responsabilitza de la no comprensi\u00f3 o enteniment de l&#8217;idioma de la WEB per l&#8217;usuari, ni de les conseq\u00fc\u00e8ncies.<\/p>\n<p>Els continguts de la WEB tenen com finalitat informar i donar a con\u00e8ixer les activitats i productes creats per COSTA RENT i tenen un car\u00e0cter general i orientatiu, no essent vinculants per COSTA RENT.<\/p>\n<p>COSTA RENT podr\u00e0 modificar els continguts sense previ av\u00eds, aix\u00ed com suprimir i canviar aquests dintre de la WEB, com la forma en que s&#8217;accedeix a aquests, sense justificaci\u00f3 alguna i lliurement, no responsabilitzant-se de les conseq\u00fc\u00e8ncies que els mateixos puguin ocasionar als usuaris.<\/p>\n<p>S\u00f3n propietat de COSTA RENT tots els drets de propietat industrial i intel \u00b7 lectual de la WEB, aix\u00ed com dels continguts que alberga. Qualsevol \u00fas de la WEB o els seus continguts haur\u00e0 de tenir un car\u00e0cter exclusivament particular. Est\u00e0 reservat exclusivament a COSTA RENT, qualsevol altre \u00fas que suposi la c\u00f2pia, reproducci\u00f3, distribuci\u00f3, transformaci\u00f3, comunicaci\u00f3 p\u00fablica o qualsevol altra acci\u00f3 similar, de tot o part dels continguts de la p\u00e0gina web, aix\u00ed com d&#8217;aquesta mateixa, pel que cap USUARI podr\u00e0 dur a terme aquestes accions sense l&#8217;autoritzaci\u00f3 pr\u00e8via i per escrit de COSTA RENT.<\/p>\n<p>Es prohibeix l&#8217;\u00fas dels continguts de la WEB per promocionar, contractar o divulgar publicitat o informaci\u00f3 pr\u00f2pia o de terceres persones sense l&#8217;autoritzaci\u00f3 de COSTA RENT ni remetre publicitat o informaci\u00f3 valent-se per a aix\u00f2 dels serveis o informaci\u00f3 que es posen a disposici\u00f3 dels usuaris , independentment de si la utilitzaci\u00f3 \u00e9s gratu\u00efta o no.<\/p>\n<p>Els enlla\u00e7os o hiperenlla\u00e7os que incorporen tercers a les seves p\u00e0gines web, dirigits a aquesta WEB, seran per l&#8217;apertura de la p\u00e0gina web completa, no podent manifestar, directa o indirectament, indicacions falses, inexactes o confuses, ni inc\u00f3rrer en accions deslleials o il\u00b7l\u00edcites en contra COSTA RENT.<\/p>\n<p>COSTA RENT no es fa responsable de la fiabilitat i rapidesa dels hiperenlla\u00e7os que s&#8217;incorporen en la WEB per a l&#8217;obertura d&#8217;altres. COSTA RENT no garanteix la utilitat d&#8217;aquests enlla\u00e7os, ni es responsabilitza dels continguts o serveis als quals pugui accedir l&#8217;USUARI per mitj\u00e0 d&#8217;aquests enlla\u00e7os, ni del bon funcionament d&#8217;aquestes webs.<\/p>\n<p><strong>CINQUENA. &#8211; USUARIS DE LA WEB<\/strong><\/p>\n<p>Els usuaris que accedeixin a la web de COSTA RENT ho faran conforme a la Llei, i s&#8217;obliguen en tot moment a no accedir a la web i als continguts de forma contr\u00e0ria a l&#8217;establerta i \/ o amb fins il\u00b7l\u00edcits, lesius de drets i llibertats tercers, o que puguin malmetre, deteriorar, saturar o alentir la web, en perjudici de COSTA RENT o de tercers usuaris.<\/p>\n<p>Els usuaris no faran \u00fas dels continguts de la web de forma contr\u00e0ria a la Llei, (especialment la Llei de Propietat Intel \u00b7 lectual i Industrial) usos i costums i ordre p\u00fablic, ni copiaran, distribuiran, difondran, transformaran, modificaran o manipularan aquests.<\/p>\n<p>COSTA RENT no disposa en la seva WEB de productes o serveis a disposici\u00f3 dels usuaris on aquests hagin d&#8217;introduir qualsevol tipus de continguts o informaci\u00f3, com poden ser grups de not\u00edcies, xat, f\u00f2rums o altres de car\u00e0cter similar.<\/p>\n<p>L&#8217;acc\u00e9s als continguts de la WEB per part de l&#8217;USUARI ser\u00e0 sota la seva total responsabilitat no podent repercutir a COSTA RENT qualsevol conseq\u00fc\u00e8ncia derivada directa o indirectament de l&#8217;acc\u00e9s a la web, ja sigui d&#8217;\u00e0mbit f\u00edsic, l\u00f2gic, moral o personal.<\/p>\n<p>COSTA RENT podr\u00e0 responsabilitzar als usuaris que fent un mal \u00fas de la WEB, causessin danys o perjudicis a terceres persones, aix\u00ed com dels possibles virus o programes inform\u00e0tics, que poguessin introduir, generar, allotjar a la web, i deteriorin o puguin deteriorar tant els continguts com el bon funcionament d&#8217;aquesta, aix\u00ed com els equips, sistemes i programes dels usuaris de la web.<\/p>\n<p>COSTA RENT podr\u00e0 dirigir contra els usuaris sobre totes les reclamacions, indemnitzacions, multes o sancions administratives que recaiguin sobre COSTA RENT i siguin responsabilitat directa o indirecta d&#8217;algun USUARI dels continguts o serveis de la WEB.<\/p>\n<p>Tots els usuaris que coneguin alguna actuaci\u00f3 que estigui deteriorant o pugui deteriorar el bon funcionament de la WEB de COSTA RENT modificar o alterar els continguts d&#8217;aquesta, hauran de comunicar immediatament COSTA RENT.<\/p>\n<p><strong>POL\u00cdTICA DE PRIVACITAT DE DADES<\/strong><\/p>\n<p>COSTA RENT, SA d&#8217;acord amb la Llei Org\u00e0nica 15\/1999 de 13 de desembre, de Protecci\u00f3 de Dades de car\u00e0cter personal i el Reglament de Desenvolupament de la LOPD 1720\/2007, ha adoptat les mesures i nivells de seguretat de protecci\u00f3 de les dades exigides.<\/p>\n<p>Les dades recollides a trav\u00e9s del formulari o les adreces de correu electr\u00f2nic disponible a la p\u00e0gina web, seran objecte de tractament per a donar curs a la seva petici\u00f3 i remetre-li informaci\u00f3 comercial que puguin ser del seu inter\u00e8s, per qualsevol mitj\u00e0 i en qualsevol suport, inclosos els mitjans electr\u00f2nics, sobre els nostres productes i promocions.<\/p>\n<p>Vost\u00e8 pot exercir els seus drets d&#8217;acc\u00e9s, rectificaci\u00f3, cancel \u00b7 laci\u00f3 i Oposici\u00f3 expressats en l&#8217;article 5 de la Llei Org\u00e0nica 15\/1999, de Protecci\u00f3 de Dades, a trav\u00e9s del correu electr\u00f2nic\u00a0<a href=\"mailto:josep@costarent.es\">josep@costarent.es<\/a>\u00a0o mitjan\u00e7ant comunicaci\u00f3 escrita enviada a l&#8217;adre\u00e7a postal: C\/ EDISON 5 08397 de PINEDA DE MAR, \u200b\u200bjuntament amb la documentaci\u00f3 que se li requereixi.<\/p>\n<p><strong>\u00daS DE COOKIES<\/strong><\/p>\n<p>En compliment amb el deure d\u2019informaci\u00f3 recollit en article 10 de la Llei 34\/2002, d\u201911\u00a0de juliol, de Serveis de la Societat de la Informaci\u00f3 i del Comer\u00e7 Electr\u00f2nic\u00a0COSTA RENT ha adoptat les mesures exigides a nivell de l\u2019\u00fas de cookies, podeu consulta la nostra pol\u00edtica de cookies en el\u00a0<a href=\"http:\/\/costarent.es\/politica-de-cookies\/\">seg\u00fcent enlla\u00e7<\/a>.<\/p>\n<p>El lloc web del prestador pot utilitzar cookies (petits arxius de text que el servidor envia a l\u2019ordinador de qui accedeix a la p\u00e0gina ). Es tracta d\u2019una t\u00e8cnica utilitzada de manera\u00a0habitual a Internet per dur a terme determinades funcions que s\u00f3n considerades imprescindibles per al correcte funcionament i visualitzaci\u00f3 del lloc. Les cookies utilitzadesen el lloc web tenen, en tot cas, car\u00e0cter temporal amb l\u2019\u00fanica finalitat de fer m\u00e9s efica\u00e7 la seva transmissi\u00f3 ulterior i desapareixen en acabar la sessi\u00f3 de l\u2019usuari. En cap cas s\u2019utilitzaran les cookies per recollir informaci\u00f3 de car\u00e0cter personal.<\/p>\n<p>Des del lloc web del client \u00e9s possible que es redirigeixi a continguts de tercers llocs web. At\u00e8s que el prestador no pot controlar sempre els continguts introdu\u00efts pels tercers en els seus llocs web, aquest no assumeix cap tipus de responsabilitat respecte a aquests continguts. En tot cas, el prestador es compromet a la retirada immediata de qualsevol contingut que pogu\u00e9s contravenir la legislaci\u00f3 nacional o internacional, la moral o l\u2019ordre p\u00fablic, procedint a la retirada immediata de la redirecci\u00f3 a aquest lloc web, posant en coneixement de les autoritats competents el contingut en q\u00fcesti\u00f3.<\/p>\n<p>&nbsp;<\/p>\n","protected":false},"excerpt":{"rendered":"<p>Av\u00eds legal COSTARENT L&#8217;USUARI que accedeix i fa servir aquesta p\u00e0gina web coneix i accepta les condicions generals aqu\u00ed redactades, i les modificacions que es produeixin, devent accedir peri\u00f2dicament a [&hellip;]<\/p>\n","protected":false},"author":2,"featured_media":0,"parent":0,"menu_order":0,"comment_status":"open","ping_status":"open","template":"","meta":{"_monsterinsights_skip_tracking":false,"_monsterinsights_sitenote_active":false,"_monsterinsights_sitenote_note":"","_monsterinsights_sitenote_category":0,"footnotes":""},"class_list":["post-2002","page","type-page","status-publish","hentry"],"rankMath":{"parentDomain":"costarent.es","noFollowDomains":[],"noFollowExcludeDomains":[],"noFollowExternalLinks":false,"featuredImageNotice":"The featured image should be at least 200 by 200 pixels to be picked up by Facebook and other social media sites.","pluginReviewed":false,"postSettings":{"linkSuggestions":true,"useFocusKeyword":false},"frontEndScore":false,"postName":"avis-legal","permalinkFormat":"https:\/\/costarent.es\/ca\/%pagename%\/","showLockModifiedDate":true,"assessor":{"focusKeywordLink":"https:\/\/costarent.es\/wp-admin\/edit.php?focus_keyword=%focus_keyword%&post_type=%post_type%","hasTOCPlugin":false,"primaryTaxonomy":false,"serpData":{"title":"","description":"","focusKeywords":"","pillarContent":false,"canonicalUrl":"","breadcrumbTitle":"","advancedRobots":[],"facebookTitle":"","facebookDescription":"","facebookImage":"","facebookImageID":"","facebookHasOverlay":false,"facebookImageOverlay":"","facebookAuthor":"","twitterCardType":"","twitterUseFacebook":true,"twitterTitle":"","twitterDescription":"","twitterImage":"","twitterImageID":"","twitterHasOverlay":false,"twitterImageOverlay":"","twitterPlayerUrl":"","twitterPlayerSize":"","twitterPlayerStream":"","twitterPlayerStreamCtype":"","twitterAppDescription":"","twitterAppIphoneName":"","twitterAppIphoneID":"","twitterAppIphoneUrl":"","twitterAppIpadName":"","twitterAppIpadID":"","twitterAppIpadUrl":"","twitterAppGoogleplayName":"","twitterAppGoogleplayID":"","twitterAppGoogleplayUrl":"","twitterAppCountry":"","robots":{"noindex":true,"nofollow":true},"twitterAuthor":"username","primaryTerm":0,"authorName":"costarent","titleTemplate":"%title% %page% %sep% %sitename%","descriptionTemplate":"","showScoreFrontend":true,"lockModifiedDate":false},"powerWords":[],"diacritics":{"A":"[\\u0041\\u24B6\\uFF21\\u00C0\\u00C1\\u00C2\\u1EA6\\u1EA4\\u1EAA\\u1EA8\\u00C3\\u0100\\u0102\\u1EB0\\u1EAE\\u1EB4\\u1EB2\\u0226\\u01E0\\u00C4\\u01DE\\u1EA2\\u00C5\\u01FA\\u01CD\\u0200\\u0202\\u1EA0\\u1EAC\\u1EB6\\u1E00\\u0104\\u023A\\u2C6F]","AA":"[\\uA732]","AE":"[\\u00C6\\u01FC\\u01E2]","AO":"[\\uA734]","AU":"[\\uA736]","AV":"[\\uA738\\uA73A]","AY":"[\\uA73C]","B":"[\\u0042\\u24B7\\uFF22\\u1E02\\u1E04\\u1E06\\u0243\\u0182\\u0181]","C":"[\\u0043\\u24B8\\uFF23\\u0106\\u0108\\u010A\\u010C\\u00C7\\u1E08\\u0187\\u023B\\uA73E]","D":"[\\u0044\\u24B9\\uFF24\\u1E0A\\u010E\\u1E0C\\u1E10\\u1E12\\u1E0E\\u0110\\u018B\\u018A\\u0189\\uA779]","DZ":"[\\u01F1\\u01C4]","Dz":"[\\u01F2\\u01C5]","E":"[\\u0045\\u24BA\\uFF25\\u00C8\\u00C9\\u00CA\\u1EC0\\u1EBE\\u1EC4\\u1EC2\\u1EBC\\u0112\\u1E14\\u1E16\\u0114\\u0116\\u00CB\\u1EBA\\u011A\\u0204\\u0206\\u1EB8\\u1EC6\\u0228\\u1E1C\\u0118\\u1E18\\u1E1A\\u0190\\u018E]","F":"[\\u0046\\u24BB\\uFF26\\u1E1E\\u0191\\uA77B]","G":"[\\u0047\\u24BC\\uFF27\\u01F4\\u011C\\u1E20\\u011E\\u0120\\u01E6\\u0122\\u01E4\\u0193\\uA7A0\\uA77D\\uA77E]","H":"[\\u0048\\u24BD\\uFF28\\u0124\\u1E22\\u1E26\\u021E\\u1E24\\u1E28\\u1E2A\\u0126\\u2C67\\u2C75\\uA78D]","I":"[\\u0049\\u24BE\\uFF29\\u00CC\\u00CD\\u00CE\\u0128\\u012A\\u012C\\u0130\\u00CF\\u1E2E\\u1EC8\\u01CF\\u0208\\u020A\\u1ECA\\u012E\\u1E2C\\u0197]","J":"[\\u004A\\u24BF\\uFF2A\\u0134\\u0248]","K":"[\\u004B\\u24C0\\uFF2B\\u1E30\\u01E8\\u1E32\\u0136\\u1E34\\u0198\\u2C69\\uA740\\uA742\\uA744\\uA7A2]","L":"[\\u004C\\u24C1\\uFF2C\\u013F\\u0139\\u013D\\u1E36\\u1E38\\u013B\\u1E3C\\u1E3A\\u0141\\u023D\\u2C62\\u2C60\\uA748\\uA746\\uA780]","LJ":"[\\u01C7]","Lj":"[\\u01C8]","M":"[\\u004D\\u24C2\\uFF2D\\u1E3E\\u1E40\\u1E42\\u2C6E\\u019C]","N":"[\\u004E\\u24C3\\uFF2E\\u01F8\\u0143\\u00D1\\u1E44\\u0147\\u1E46\\u0145\\u1E4A\\u1E48\\u0220\\u019D\\uA790\\uA7A4]","NJ":"[\\u01CA]","Nj":"[\\u01CB]","O":"[\\u004F\\u24C4\\uFF2F\\u00D2\\u00D3\\u00D4\\u1ED2\\u1ED0\\u1ED6\\u1ED4\\u00D5\\u1E4C\\u022C\\u1E4E\\u014C\\u1E50\\u1E52\\u014E\\u022E\\u0230\\u00D6\\u022A\\u1ECE\\u0150\\u01D1\\u020C\\u020E\\u01A0\\u1EDC\\u1EDA\\u1EE0\\u1EDE\\u1EE2\\u1ECC\\u1ED8\\u01EA\\u01EC\\u00D8\\u01FE\\u0186\\u019F\\uA74A\\uA74C]","OI":"[\\u01A2]","OO":"[\\uA74E]","OU":"[\\u0222]","P":"[\\u0050\\u24C5\\uFF30\\u1E54\\u1E56\\u01A4\\u2C63\\uA750\\uA752\\uA754]","Q":"[\\u0051\\u24C6\\uFF31\\uA756\\uA758\\u024A]","R":"[\\u0052\\u24C7\\uFF32\\u0154\\u1E58\\u0158\\u0210\\u0212\\u1E5A\\u1E5C\\u0156\\u1E5E\\u024C\\u2C64\\uA75A\\uA7A6\\uA782]","S":"[\\u0053\\u24C8\\uFF33\\u1E9E\\u015A\\u1E64\\u015C\\u1E60\\u0160\\u1E66\\u1E62\\u1E68\\u0218\\u015E\\u2C7E\\uA7A8\\uA784]","T":"[\\u0054\\u24C9\\uFF34\\u1E6A\\u0164\\u1E6C\\u021A\\u0162\\u1E70\\u1E6E\\u0166\\u01AC\\u01AE\\u023E\\uA786]","TZ":"[\\uA728]","U":"[\\u0055\\u24CA\\uFF35\\u00D9\\u00DA\\u00DB\\u0168\\u1E78\\u016A\\u1E7A\\u016C\\u00DC\\u01DB\\u01D7\\u01D5\\u01D9\\u1EE6\\u016E\\u0170\\u01D3\\u0214\\u0216\\u01AF\\u1EEA\\u1EE8\\u1EEE\\u1EEC\\u1EF0\\u1EE4\\u1E72\\u0172\\u1E76\\u1E74\\u0244]","V":"[\\u0056\\u24CB\\uFF36\\u1E7C\\u1E7E\\u01B2\\uA75E\\u0245]","VY":"[\\uA760]","W":"[\\u0057\\u24CC\\uFF37\\u1E80\\u1E82\\u0174\\u1E86\\u1E84\\u1E88\\u2C72]","X":"[\\u0058\\u24CD\\uFF38\\u1E8A\\u1E8C]","Y":"[\\u0059\\u24CE\\uFF39\\u1EF2\\u00DD\\u0176\\u1EF8\\u0232\\u1E8E\\u0178\\u1EF6\\u1EF4\\u01B3\\u024E\\u1EFE]","Z":"[\\u005A\\u24CF\\uFF3A\\u0179\\u1E90\\u017B\\u017D\\u1E92\\u1E94\\u01B5\\u0224\\u2C7F\\u2C6B\\uA762]","a":"[\\u0061\\u24D0\\uFF41\\u1E9A\\u00E0\\u00E1\\u00E2\\u1EA7\\u1EA5\\u1EAB\\u1EA9\\u00E3\\u0101\\u0103\\u1EB1\\u1EAF\\u1EB5\\u1EB3\\u0227\\u01E1\\u00E4\\u01DF\\u1EA3\\u00E5\\u01FB\\u01CE\\u0201\\u0203\\u1EA1\\u1EAD\\u1EB7\\u1E01\\u0105\\u2C65\\u0250]","aa":"[\\uA733]","ae":"[\\u00E6\\u01FD\\u01E3]","ao":"[\\uA735]","au":"[\\uA737]","av":"[\\uA739\\uA73B]","ay":"[\\uA73D]","b":"[\\u0062\\u24D1\\uFF42\\u1E03\\u1E05\\u1E07\\u0180\\u0183\\u0253]","c":"[\\u0063\\u24D2\\uFF43\\u0107\\u0109\\u010B\\u010D\\u00E7\\u1E09\\u0188\\u023C\\uA73F\\u2184]","d":"[\\u0064\\u24D3\\uFF44\\u1E0B\\u010F\\u1E0D\\u1E11\\u1E13\\u1E0F\\u0111\\u018C\\u0256\\u0257\\uA77A]","dz":"[\\u01F3\\u01C6]","e":"[\\u0065\\u24D4\\uFF45\\u00E8\\u00E9\\u00EA\\u1EC1\\u1EBF\\u1EC5\\u1EC3\\u1EBD\\u0113\\u1E15\\u1E17\\u0115\\u0117\\u00EB\\u1EBB\\u011B\\u0205\\u0207\\u1EB9\\u1EC7\\u0229\\u1E1D\\u0119\\u1E19\\u1E1B\\u0247\\u025B\\u01DD]","f":"[\\u0066\\u24D5\\uFF46\\u1E1F\\u0192\\uA77C]","g":"[\\u0067\\u24D6\\uFF47\\u01F5\\u011D\\u1E21\\u011F\\u0121\\u01E7\\u0123\\u01E5\\u0260\\uA7A1\\u1D79\\uA77F]","h":"[\\u0068\\u24D7\\uFF48\\u0125\\u1E23\\u1E27\\u021F\\u1E25\\u1E29\\u1E2B\\u1E96\\u0127\\u2C68\\u2C76\\u0265]","hv":"[\\u0195]","i":"[\\u0069\\u24D8\\uFF49\\u00EC\\u00ED\\u00EE\\u0129\\u012B\\u012D\\u00EF\\u1E2F\\u1EC9\\u01D0\\u0209\\u020B\\u1ECB\\u012F\\u1E2D\\u0268\\u0131]","j":"[\\u006A\\u24D9\\uFF4A\\u0135\\u01F0\\u0249]","k":"[\\u006B\\u24DA\\uFF4B\\u1E31\\u01E9\\u1E33\\u0137\\u1E35\\u0199\\u2C6A\\uA741\\uA743\\uA745\\uA7A3]","l":"[\\u006C\\u24DB\\uFF4C\\u0140\\u013A\\u013E\\u1E37\\u1E39\\u013C\\u1E3D\\u1E3B\\u017F\\u0142\\u019A\\u026B\\u2C61\\uA749\\uA781\\uA747]","lj":"[\\u01C9]","m":"[\\u006D\\u24DC\\uFF4D\\u1E3F\\u1E41\\u1E43\\u0271\\u026F]","n":"[\\u006E\\u24DD\\uFF4E\\u01F9\\u0144\\u00F1\\u1E45\\u0148\\u1E47\\u0146\\u1E4B\\u1E49\\u019E\\u0272\\u0149\\uA791\\uA7A5]","nj":"[\\u01CC]","o":"[\\u006F\\u24DE\\uFF4F\\u00F2\\u00F3\\u00F4\\u1ED3\\u1ED1\\u1ED7\\u1ED5\\u00F5\\u1E4D\\u022D\\u1E4F\\u014D\\u1E51\\u1E53\\u014F\\u022F\\u0231\\u00F6\\u022B\\u1ECF\\u0151\\u01D2\\u020D\\u020F\\u01A1\\u1EDD\\u1EDB\\u1EE1\\u1EDF\\u1EE3\\u1ECD\\u1ED9\\u01EB\\u01ED\\u00F8\\u01FF\\u0254\\uA74B\\uA74D\\u0275]","oi":"[\\u01A3]","ou":"[\\u0223]","oo":"[\\uA74F]","p":"[\\u0070\\u24DF\\uFF50\\u1E55\\u1E57\\u01A5\\u1D7D\\uA751\\uA753\\uA755]","q":"[\\u0071\\u24E0\\uFF51\\u024B\\uA757\\uA759]","r":"[\\u0072\\u24E1\\uFF52\\u0155\\u1E59\\u0159\\u0211\\u0213\\u1E5B\\u1E5D\\u0157\\u1E5F\\u024D\\u027D\\uA75B\\uA7A7\\uA783]","s":"[\\u0073\\u24E2\\uFF53\\u015B\\u1E65\\u015D\\u1E61\\u0161\\u1E67\\u1E63\\u1E69\\u0219\\u015F\\u023F\\uA7A9\\uA785\\u1E9B]","ss":"[\\u00DF]","t":"[\\u0074\\u24E3\\uFF54\\u1E6B\\u1E97\\u0165\\u1E6D\\u021B\\u0163\\u1E71\\u1E6F\\u0167\\u01AD\\u0288\\u2C66\\uA787]","tz":"[\\uA729]","u":"[\\u0075\\u24E4\\uFF55\\u00F9\\u00FA\\u00FB\\u0169\\u1E79\\u016B\\u1E7B\\u016D\\u00FC\\u01DC\\u01D8\\u01D6\\u01DA\\u1EE7\\u016F\\u0171\\u01D4\\u0215\\u0217\\u01B0\\u1EEB\\u1EE9\\u1EEF\\u1EED\\u1EF1\\u1EE5\\u1E73\\u0173\\u1E77\\u1E75\\u0289]","v":"[\\u0076\\u24E5\\uFF56\\u1E7D\\u1E7F\\u028B\\uA75F\\u028C]","vy":"[\\uA761]","w":"[\\u0077\\u24E6\\uFF57\\u1E81\\u1E83\\u0175\\u1E87\\u1E85\\u1E98\\u1E89\\u2C73]","x":"[\\u0078\\u24E7\\uFF58\\u1E8B\\u1E8D]","y":"[\\u0079\\u24E8\\uFF59\\u1EF3\\u00FD\\u0177\\u1EF9\\u0233\\u1E8F\\u00FF\\u1EF7\\u1E99\\u1EF5\\u01B4\\u024F\\u1EFF]","z":"[\\u007A\\u24E9\\uFF5A\\u017A\\u1E91\\u017C\\u017E\\u1E93\\u1E95\\u01B6\\u0225\\u0240\\u2C6C\\uA763]"},"researchesTests":["contentHasTOC","contentHasShortParagraphs","contentHasAssets","keywordInTitle","keywordInMetaDescription","keywordInPermalink","keywordIn10Percent","keywordInContent","keywordInSubheadings","keywordInImageAlt","keywordDensity","keywordNotUsed","lengthContent","lengthPermalink","linksHasInternal","linksHasExternals","linksNotAllExternals","titleStartWithKeyword","titleSentiment","titleHasPowerWords","titleHasNumber","hasContentAI"],"hasRedirection":false,"hasBreadcrumb":false},"homeUrl":"https:\/\/costarent.es\/ca\/","objectID":2002,"objectType":"post","locale":"ca","localeFull":"ca","overlayImages":{"play":{"name":"Play icon","url":"https:\/\/costarent.es\/wp-content\/plugins\/seo-by-rank-math\/assets\/admin\/img\/icon-play.png","path":"\/var\/www\/vhosts\/costarent.es\/httpdocs\/wp-content\/plugins\/seo-by-rank-math\/assets\/admin\/img\/icon-play.png","position":"middle_center"},"gif":{"name":"GIF icon","url":"https:\/\/costarent.es\/wp-content\/plugins\/seo-by-rank-math\/assets\/admin\/img\/icon-gif.png","path":"\/var\/www\/vhosts\/costarent.es\/httpdocs\/wp-content\/plugins\/seo-by-rank-math\/assets\/admin\/img\/icon-gif.png","position":"middle_center"}},"defautOgImage":"https:\/\/costarent.es\/wp-content\/plugins\/seo-by-rank-math\/assets\/admin\/img\/social-placeholder.jpg","customPermalinks":true,"isUserRegistered":false,"autoSuggestKeywords":false,"connectSiteUrl":"https:\/\/rankmath.com\/auth?site=https%3A%2F%2Fcostarent.es%2Fca%2F&r=https%3A%2F%2Fcostarent.es%2Fca%2Fwp-json%2Fwp%2Fv2%2Fpages%2F2002%3Fnonce%3Dd0f73bf4a5","maxTags":5,"trendsIcon":"<svg viewBox=\"0 0 610 610\"><path d=\"M18.85,446,174.32,290.48l58.08,58.08L76.93,504a14.54,14.54,0,0,1-20.55,0L18.83,466.48a14.54,14.54,0,0,1,0-20.55Z\" style=\"fill:#4285f4\"\/><path d=\"M242.65,242.66,377.59,377.6l-47.75,47.75a14.54,14.54,0,0,1-20.55,0L174.37,290.43l47.75-47.75A14.52,14.52,0,0,1,242.65,242.66Z\" style=\"fill:#ea4335\"\/><polygon points=\"319.53 319.53 479.26 159.8 537.34 217.88 377.61 377.62 319.53 319.53\" style=\"fill:#fabb05\"\/><path d=\"M594.26,262.73V118.61h0a16.94,16.94,0,0,0-16.94-16.94H433.2a16.94,16.94,0,0,0-12,28.92L565.34,274.71h0a16.94,16.94,0,0,0,28.92-12Z\" style=\"fill:#34a853\"\/><rect width=\"610\" height=\"610\" style=\"fill:none\"\/><\/svg>","showScore":true,"siteFavIcon":"data:image\/png;base64,iVBORw0KGgoAAAANSUhEUgAAABAAAAAQCAYAAAAf8\/9hAAABs0lEQVR4AWL4\/\/8\/RRjO8Iucx+noO0MWUDo16FYABMGP6ZfUcRnWtm27jVPbtm3bttuH2t3eFPcY9pLz7NxiLjCyVd87pKnHyqXyxtCs8APd0rnyxiu4qSeA3QEDrAwBDrT1s1Rc\/OrjLZwqVmOSu6+Lamcpp2KKMA9PH1BYXMe1mUP5qotvXTywsOEEYHXxrY+3cqk6TMkYpNr2FeoY3KIr0RPtn9wQ2unlA+GMkRw6+9TFw4YTwDUzx\/JVvARj9KaedXRO8P5B1Du2S32smzqUrcKGEyA+uAgQjKX7zf0boWHGfn71jIKj2689gxp7OAGShNcBUmLMPVjZuiKcA2vuWHHDCQxMCz629kXAIU4ApY15QwggAFbfOP9DhgBJ+nWVJ1AZAfICAj1pAlY6hCADZnveQf7bQIwzVONGJonhLIlS9gr5mFg44Xd+4S3XHoGNPdJl1INIwKyEgHckEhgTe1bGiFY9GSFBYUwLh1IkiJUbY407E7syBSFxKTszEoiE\/YdrgCEayDmtaJwCI9uu8TKMuZSVfSa4BpGgzvomBR\/INhLGzrqDotp01ZR8pn\/1L0JN9d9XNyx0AAAAAElFTkSuQmCC","canUser":{"general":false,"advanced":false,"snippet":false,"social":false,"analysis":false,"analytics":false,"content_ai":false},"showKeywordIntent":true,"isPro":false,"is_front_page":false,"trendsUpgradeLink":"https:\/\/rankmath.com\/pricing\/?utm_source=Plugin&utm_medium=CE%20General%20Tab%20Trends&utm_campaign=WP","trendsUpgradeLabel":"Upgrade","trendsPreviewImage":"https:\/\/costarent.es\/wp-content\/plugins\/seo-by-rank-math\/assets\/admin\/img\/trends-preview.jpg","currentEditor":false,"homepageData":{"assessor":{"powerWords":[],"diacritics":true,"researchesTests":["contentHasTOC","contentHasShortParagraphs","contentHasAssets","keywordInTitle","keywordInMetaDescription","keywordInPermalink","keywordIn10Percent","keywordInContent","keywordInSubheadings","keywordInImageAlt","keywordDensity","keywordNotUsed","lengthContent","lengthPermalink","linksHasInternal","linksHasExternals","linksNotAllExternals","titleStartWithKeyword","titleSentiment","titleHasPowerWords","titleHasNumber","hasContentAI"],"hasBreadcrumb":false,"serpData":{"title":"%sitename% %page% %sep% %sitedesc%","description":"","titleTemplate":"%sitename% %page% %sep% %sitedesc%","descriptionTemplate":"","focusKeywords":"","breadcrumbTitle":"Portada","robots":{"index":true},"advancedRobots":[],"facebookTitle":"","facebookDescription":"","facebookImage":"","facebookImageID":""}}},"tocTitle":"Table of Contents","tocExcludeHeadings":[],"listStyle":"ul"},"_links":{"self":[{"href":"https:\/\/costarent.es\/ca\/wp-json\/wp\/v2\/pages\/2002","targetHints":{"allow":["GET"]}}],"collection":[{"href":"https:\/\/costarent.es\/ca\/wp-json\/wp\/v2\/pages"}],"about":[{"href":"https:\/\/costarent.es\/ca\/wp-json\/wp\/v2\/types\/page"}],"author":[{"embeddable":true,"href":"https:\/\/costarent.es\/ca\/wp-json\/wp\/v2\/users\/2"}],"replies":[{"embeddable":true,"href":"https:\/\/costarent.es\/ca\/wp-json\/wp\/v2\/comments?post=2002"}],"version-history":[{"count":5,"href":"https:\/\/costarent.es\/ca\/wp-json\/wp\/v2\/pages\/2002\/revisions"}],"predecessor-version":[{"id":2379,"href":"https:\/\/costarent.es\/ca\/wp-json\/wp\/v2\/pages\/2002\/revisions\/2379"}],"wp:attachment":[{"href":"https:\/\/costarent.es\/ca\/wp-json\/wp\/v2\/media?parent=2002"}],"curies":[{"name":"wp","href":"https:\/\/api.w.org\/{rel}","templated":true}]}}